{"id":8212,"date":"2021-01-13T15:15:31","date_gmt":"2021-01-13T14:15:31","guid":{"rendered":"https:\/\/www.balligand-constructions.com\/kleegrasmaeher-fuer-weinberge-mit-traktor\/"},"modified":"2026-02-11T12:21:41","modified_gmt":"2026-02-11T11:21:41","slug":"kleegrasmaeher-fuer-weinberge-mit-traktor","status":"publish","type":"page","link":"https:\/\/www.balligand-constructions.com\/de\/kleegrasmaeher-fuer-weinberge-mit-traktor\/","title":{"rendered":"Kleegrasm\u00e4her f\u00fcr Weinberge, mit Traktor"},"content":{"rendered":"<p>[et_pb_section fb_built=&#8220;1&#8243; _builder_version=&#8220;4.16&#8243; global_colors_info=&#8220;{}&#8220;][et_pb_row _builder_version=&#8220;4.16&#8243; background_size=&#8220;initial&#8220; background_position=&#8220;top_left&#8220; background_repeat=&#8220;repeat&#8220; global_colors_info=&#8220;{}&#8220;][et_pb_column type=&#8220;4_4&#8243; _builder_version=&#8220;4.16&#8243; custom_padding=&#8220;|||&#8220; global_colors_info=&#8220;{}&#8220; custom_padding__hover=&#8220;|||&#8220;][et_pb_blog_extras include_categories=&#8220;40&#8243; blog_layout=&#8220;full_width&#8220; read_more_text=&#8220;En savoir +&#8220; show_author=&#8220;off&#8220; show_date=&#8220;off&#8220; show_categories=&#8220;off&#8220; show_comments=&#8220;off&#8220; no_results_text=&#8220;Pas de r\u00e9sultat&#8220; _builder_version=&#8220;4.20.2&#8243; _module_preset=&#8220;default&#8220; global_colors_info=&#8220;{}&#8220;][\/et_pb_blog_extras][et_pb_text _builder_version=&#8220;4.27.4&#8243; _module_preset=&#8220;default&#8220; hover_enabled=&#8220;0&#8243; global_colors_info=&#8220;{}&#8220; sticky_enabled=&#8220;0&#8243;]<\/p>\n<h2>M\u00e4hen in der Reihe f\u00fcr Weinreben<\/h2>\n<p>Seit mehr als 10 Jahren ist unser Kleeblattm\u00e4her die Antwort auf die Notwendigkeit, die Kulturen weiterzuentwickeln, umweltfreundlichere Verfahren einzusetzen und so die neuen Normen zu erf\u00fcllen.<\/p>\n<p>Sie wird st\u00e4ndig weiterentwickelt, um sich an die Besonderheiten jedes Weinbergs anzupassen. Dank ihrer kompakten Bauweise und ihres geringen Gewichts kann sie durch eine einfache und schnelle Montage auf allen Arten von Traktoren (Winzer-, Pflegetraktoren) und sogar auf Anbauger\u00e4ten (H\u00e4cksler &#8230;) installiert werden.<\/p>\n<p>Pr\u00e4zisions-Fangrasm\u00e4her. Er schneidet das Gras so nah wie m\u00f6glich an den Wurzeln und schont diese sowie die jungen Pflanzen (St\u00fctzen).<\/p>\n<p>Die Verwendung unserer Schermaschine ist sowohl f\u00fcr den traditionellen als auch f\u00fcr den Bio-Anbau geeignet. Sie erg\u00e4nzt die Bodenbearbeitung, insbesondere bei invasivem Unkraut am Tag vor der Weinlese.<\/p>\n<p>Sie ist auch die L\u00f6sung gegen die Erosion Ihrer B\u00f6den.<\/p>\n<p>Im Fr\u00fchjahr reisen wir f\u00fcr Vorf\u00fchrungen nach Frankreich. Bitte kontaktieren Sie uns, wenn Sie eine Vorf\u00fchrung w\u00fcnschen.<\/p>\n<p>Unsere Produkte werden in Frankreich in unseren Werkst\u00e4tten in Moranc\u00e9 im Herzen des Weinbaugebiets Beaujolais hergestellt.<\/p>\n<p>Versand im Durchschnitt innerhalb von 8 Tagen nach Eingang Ihrer Bestellung, solange der Vorrat reicht.<\/p>\n<p>[\/et_pb_text][et_pb_text _builder_version=&#8220;4.20.2&#8243; _module_preset=&#8220;default&#8220; global_colors_info=&#8220;{}&#8220;]<\/p>\n<h2>Die Begr\u00fcnung der Rebzeilen ist eine wirksame L\u00f6sung zur Kontrolle der Erosion<br \/>. Eine strenge Kontrolle des Grases ist jedoch unerl\u00e4sslich.<\/h2>\n<p>Unser M\u00e4her f\u00fcr <span>Weinberg-, Obstbau- und<\/span> Pflegetraktoren verf\u00fcgt \u00fcber ein originelles Design, da er so geformt ist, dass er zwischen die Pf\u00e4hle und die Weinst\u00f6cke passt.<\/p>\n<p>[\/et_pb_text][et_pb_image src=&#8220;https:\/\/www.balligand-constructions.com\/wp-content\/uploads\/2023\/03\/fonctionnement-de-la-tondeuse-pour-pieds-de-vigne.jpg&#8220; alt=&#8220;Funktionsweise des M\u00e4hers f\u00fcr Weinst\u00f6cke&#8220; title_text=&#8220;Funktionsweise des M\u00e4hers f\u00fcr Weinst\u00f6cke&#8220; align=&#8220;center&#8220; _builder_version=&#8220;4.20.2&#8243; _module_preset=&#8220;default&#8220; global_colors_info=&#8220;{}&#8220;][\/et_pb_image][et_pb_text _builder_version=&#8220;4.20.2&#8243; _module_preset=&#8220;default&#8220; text_orientation=&#8220;center&#8220; global_colors_info=&#8220;{}&#8220;]Gewicht ca.<br \/>\n50kg je nach Option[\/et_pb_text][\/et_pb_column][\/et_pb_row][\/et_pb_section][et_pb_section fb_built=&#8220;1&#8243; _builder_version=&#8220;4.20.2&#8243; _module_preset=&#8220;default&#8220; global_colors_info=&#8220;{}&#8220;][et_pb_row column_structure=&#8220;1_2,1_2&#8243; _builder_version=&#8220;4.20.2&#8243; _module_preset=&#8220;default&#8220; global_colors_info=&#8220;{}&#8220;][et_pb_column type=&#8220;1_2&#8243; _builder_version=&#8220;4.20.2&#8243; _module_preset=&#8220;default&#8220; global_colors_info=&#8220;{}&#8220;][et_pb_text _builder_version=&#8220;4.27.4&#8243; _module_preset=&#8220;f27a23af-877d-4cdd-bd08-8e5d54ae4f60&#8243; hover_enabled=&#8220;0&#8243; global_colors_info=&#8220;{}&#8220; sticky_enabled=&#8220;0&#8243;]<\/p>\n<h3><b><span style=\"color: #9fc612;\">PLATZMASS<\/span><\/b><\/h3>\n<p>[\/et_pb_text][et_pb_image src=&#8220;https:\/\/www.balligand-constructions.com\/wp-content\/uploads\/2023\/03\/encombrement.jpg&#8220; alt=&#8220;Platzbedarf M\u00e4her f\u00fcr Weinst\u00f6cke&#8220; title_text=&#8220;Platzbedarf&#8220; align=&#8220;center&#8220; _builder_version=&#8220;4.20.2&#8243; _module_preset=&#8220;default&#8220; global_colors_info=&#8220;{}&#8220;][\/et_pb_image][\/et_pb_column][et_pb_column type=&#8220;1_2&#8243; _builder_version=&#8220;4.20.2&#8243; _module_preset=&#8220;default&#8220; global_colors_info=&#8220;{}&#8220;][et_pb_text _builder_version=&#8220;4.20.2&#8243; _module_preset=&#8220;f27a23af-877d-4cdd-bd08-8e5d54ae4f60&#8243; global_colors_info=&#8220;{}&#8220;]<\/p>\n<h3><b>INKLINIERUNG: <span style=\"color: #9fc612;\">manuell oder hydraulisch<br \/>\n<\/span><\/b><\/h3>\n<p>[\/et_pb_text][et_pb_image src=&#8220;https:\/\/www.balligand-constructions.com\/wp-content\/uploads\/2023\/03\/inclinaison-de-la-tondeuse-intercep.jpg&#8220; alt=&#8220;neigung des m\u00e4hers intercep&#8220; title_text=&#8220;neigung des m\u00e4hers intercep&#8220; align=&#8220;center&#8220; _builder_version=&#8220;4.20.2&#8243; _module_preset=&#8220;default&#8220; global_colors_info=&#8220;{}&#8220;][\/et_pb_image][\/et_pb_column][\/et_pb_row][et_pb_row _builder_version=&#8220;4.20.2&#8243; _module_preset=&#8220;default&#8220; global_colors_info=&#8220;{}&#8220;][et_pb_column type=&#8220;4_4&#8243; _builder_version=&#8220;4.20.2&#8243; _module_preset=&#8220;default&#8220; global_colors_info=&#8220;{}&#8220;][et_pb_text _builder_version=&#8220;4.20.2&#8243; _module_preset=&#8220;f27a23af-877d-4cdd-bd08-8e5d54ae4f60&#8243; global_colors_info=&#8220;{}&#8220;]<\/p>\n<h3><b><span style=\"color: #9fc612;\">NEIGUNGSOPTIONEN<br \/>\n<\/span><\/b><\/h3>\n<p>[\/et_pb_text][et_pb_image src=&#8220;https:\/\/www.balligand-constructions.com\/wp-content\/uploads\/2023\/03\/options-dinclinaison-de-la-tondeuse-ntercep-pour-tracteur-viticole.jpg&#8220; alt=&#8220;neigungsoptionen des intercep m\u00e4hers f\u00fcr weinbergtraktoren&#8220; title_text=&#8220;neigungsoptionen des intercep m\u00e4hers f\u00fcr weinbergtraktoren&#8220; align=&#8220;center&#8220; _builder_version=&#8220;4.20.2&#8243; _module_preset=&#8220;default&#8220; global_colors_info=&#8220;{}&#8220;][\/et_pb_image][\/et_pb_column][\/et_pb_row][et_pb_row _builder_version=&#8220;4.20.2&#8243; _module_preset=&#8220;default&#8220; global_colors_info=&#8220;{}&#8220;][et_pb_column type=&#8220;4_4&#8243; _builder_version=&#8220;4.20.2&#8243; _module_preset=&#8220;default&#8220; global_colors_info=&#8220;{}&#8220;][et_pb_blog_extras include_categories=&#8220;42&#8243; blog_layout=&#8220;full_width&#8220; read_more_text=&#8220;En savoir +&#8220; show_author=&#8220;off&#8220; show_date=&#8220;off&#8220; show_categories=&#8220;off&#8220; show_comments=&#8220;off&#8220; no_results_text=&#8220;Pas de r\u00e9sultat&#8220; _builder_version=&#8220;4.27.4&#8243; _module_preset=&#8220;default&#8220; global_colors_info=&#8220;{}&#8220;][\/et_pb_blog_extras][\/et_pb_column][\/et_pb_row][\/et_pb_section]<\/p>\n","protected":false},"excerpt":{"rendered":"<p>M\u00e4hen in der Reihe f\u00fcr Weinreben Seit mehr als 10 Jahren ist unser Kleeblattm\u00e4her die Antwort auf die Notwendigkeit, die Kulturen weiterzuentwickeln, umweltfreundlichere Verfahren einzusetzen und so die neuen Normen zu erf\u00fcllen. Sie wird st\u00e4ndig weiterentwickelt, um sich an die Besonderheiten jedes Weinbergs anzupassen. Dank ihrer kompakten Bauweise und ihres geringen Gewichts kann sie durch [&hellip;]<\/p>\n","protected":false},"author":5,"featured_media":8168,"parent":0,"menu_order":0,"comment_status":"closed","ping_status":"closed","template":"","meta":{"_et_pb_use_builder":"on","_et_pb_old_content":"","_et_gb_content_width":"","footnotes":""},"class_list":["post-8212","page","type-page","status-publish","has-post-thumbnail","hentry"],"yoast_head":"<!-- This site is optimized with the Yoast SEO plugin v27.3 - https:\/\/yoast.com\/product\/yoast-seo-wordpress\/ -->\n<title>Kleegrasm\u00e4her f\u00fcr Weinberge, mit Traktor - MGV - Balligand Construction<\/title>\n<meta name=\"description\" content=\"Interceps-M\u00e4her (M\u00e4hen zwischen F\u00fc\u00dfen und Pf\u00e4hlen), erm\u00f6glicht die Kontrolle der Verunkrautung und damit die Kontrolle der Erosion\" \/>\n<meta name=\"robots\" content=\"index, follow, max-snippet:-1, max-image-preview:large, max-video-preview:-1\" \/>\n<link rel=\"canonical\" href=\"https:\/\/www.balligand-constructions.com\/de\/kleegrasmaeher-fuer-weinberge-mit-traktor\/\" \/>\n<meta property=\"og:locale\" content=\"de_DE\" \/>\n<meta property=\"og:type\" content=\"article\" \/>\n<meta property=\"og:title\" content=\"Kleegrasm\u00e4her f\u00fcr Weinberge, mit Traktor - MGV - Balligand Construction\" \/>\n<meta property=\"og:description\" content=\"Interceps-M\u00e4her (M\u00e4hen zwischen F\u00fc\u00dfen und Pf\u00e4hlen), erm\u00f6glicht die Kontrolle der Verunkrautung und damit die Kontrolle der Erosion\" \/>\n<meta property=\"og:url\" content=\"https:\/\/www.balligand-constructions.com\/de\/kleegrasmaeher-fuer-weinberge-mit-traktor\/\" \/>\n<meta property=\"og:site_name\" content=\"MGV - Balligand - Constructions M\u00e9caniques\" \/>\n<meta property=\"article:modified_time\" content=\"2026-02-11T11:21:41+00:00\" \/>\n<meta property=\"og:image\" content=\"https:\/\/www.balligand-constructions.com\/wp-content\/uploads\/2023\/01\/IMG_20221111_152428-e1674570865450.jpg\" \/>\n\t<meta property=\"og:image:width\" content=\"1133\" \/>\n\t<meta property=\"og:image:height\" content=\"1042\" \/>\n\t<meta property=\"og:image:type\" content=\"image\/jpeg\" \/>\n<meta name=\"twitter:card\" content=\"summary_large_image\" \/>\n<meta name=\"twitter:label1\" content=\"Gesch\u00e4tzte Lesezeit\" \/>\n\t<meta name=\"twitter:data1\" content=\"4\u00a0Minuten\" \/>\n<script type=\"application\/ld+json\" class=\"yoast-schema-graph\">{\"@context\":\"https:\\\/\\\/schema.org\",\"@graph\":[{\"@type\":\"WebPage\",\"@id\":\"https:\\\/\\\/www.balligand-constructions.com\\\/de\\\/kleegrasmaeher-fuer-weinberge-mit-traktor\\\/\",\"url\":\"https:\\\/\\\/www.balligand-constructions.com\\\/de\\\/kleegrasmaeher-fuer-weinberge-mit-traktor\\\/\",\"name\":\"Kleegrasm\u00e4her f\u00fcr Weinberge, mit Traktor - MGV - Balligand Construction\",\"isPartOf\":{\"@id\":\"https:\\\/\\\/www.balligand-constructions.com\\\/de\\\/#website\"},\"primaryImageOfPage\":{\"@id\":\"https:\\\/\\\/www.balligand-constructions.com\\\/de\\\/kleegrasmaeher-fuer-weinberge-mit-traktor\\\/#primaryimage\"},\"image\":{\"@id\":\"https:\\\/\\\/www.balligand-constructions.com\\\/de\\\/kleegrasmaeher-fuer-weinberge-mit-traktor\\\/#primaryimage\"},\"thumbnailUrl\":\"https:\\\/\\\/www.balligand-constructions.com\\\/wp-content\\\/uploads\\\/2023\\\/01\\\/IMG_20221111_152428-e1674570865450.jpg\",\"datePublished\":\"2021-01-13T14:15:31+00:00\",\"dateModified\":\"2026-02-11T11:21:41+00:00\",\"description\":\"Interceps-M\u00e4her (M\u00e4hen zwischen F\u00fc\u00dfen und Pf\u00e4hlen), erm\u00f6glicht die Kontrolle der Verunkrautung und damit die Kontrolle der Erosion\",\"breadcrumb\":{\"@id\":\"https:\\\/\\\/www.balligand-constructions.com\\\/de\\\/kleegrasmaeher-fuer-weinberge-mit-traktor\\\/#breadcrumb\"},\"inLanguage\":\"de\",\"potentialAction\":[{\"@type\":\"ReadAction\",\"target\":[\"https:\\\/\\\/www.balligand-constructions.com\\\/de\\\/kleegrasmaeher-fuer-weinberge-mit-traktor\\\/\"]}]},{\"@type\":\"ImageObject\",\"inLanguage\":\"de\",\"@id\":\"https:\\\/\\\/www.balligand-constructions.com\\\/de\\\/kleegrasmaeher-fuer-weinberge-mit-traktor\\\/#primaryimage\",\"url\":\"https:\\\/\\\/www.balligand-constructions.com\\\/wp-content\\\/uploads\\\/2023\\\/01\\\/IMG_20221111_152428-e1674570865450.jpg\",\"contentUrl\":\"https:\\\/\\\/www.balligand-constructions.com\\\/wp-content\\\/uploads\\\/2023\\\/01\\\/IMG_20221111_152428-e1674570865450.jpg\",\"width\":1133,\"height\":1042,\"caption\":\"Rahmen f\u00fcr Interceps-M\u00e4her 3-Punkt f\u00fcr Heckhubwerk\"},{\"@type\":\"BreadcrumbList\",\"@id\":\"https:\\\/\\\/www.balligand-constructions.com\\\/de\\\/kleegrasmaeher-fuer-weinberge-mit-traktor\\\/#breadcrumb\",\"itemListElement\":[{\"@type\":\"ListItem\",\"position\":1,\"name\":\"Accueil\",\"item\":\"https:\\\/\\\/www.balligand-constructions.com\\\/de\\\/accueil\\\/\"},{\"@type\":\"ListItem\",\"position\":2,\"name\":\"Kleegrasm\u00e4her f\u00fcr Weinberge, mit Traktor\"}]},{\"@type\":\"WebSite\",\"@id\":\"https:\\\/\\\/www.balligand-constructions.com\\\/de\\\/#website\",\"url\":\"https:\\\/\\\/www.balligand-constructions.com\\\/de\\\/\",\"name\":\"MGV - Balligand - Constructions M\u00e9caniques\",\"description\":\"Constructeur de mat\u00e9riel pour la viticulture depuis plus de 40 ans\",\"potentialAction\":[{\"@type\":\"SearchAction\",\"target\":{\"@type\":\"EntryPoint\",\"urlTemplate\":\"https:\\\/\\\/www.balligand-constructions.com\\\/de\\\/?s={search_term_string}\"},\"query-input\":{\"@type\":\"PropertyValueSpecification\",\"valueRequired\":true,\"valueName\":\"search_term_string\"}}],\"inLanguage\":\"de\"}]}<\/script>\n<!-- \/ Yoast SEO plugin. -->","yoast_head_json":{"title":"Kleegrasm\u00e4her f\u00fcr Weinberge, mit Traktor - MGV - Balligand Construction","description":"Interceps-M\u00e4her (M\u00e4hen zwischen F\u00fc\u00dfen und Pf\u00e4hlen), erm\u00f6glicht die Kontrolle der Verunkrautung und damit die Kontrolle der Erosion","robots":{"index":"index","follow":"follow","max-snippet":"max-snippet:-1","max-image-preview":"max-image-preview:large","max-video-preview":"max-video-preview:-1"},"canonical":"https:\/\/www.balligand-constructions.com\/de\/kleegrasmaeher-fuer-weinberge-mit-traktor\/","og_locale":"de_DE","og_type":"article","og_title":"Kleegrasm\u00e4her f\u00fcr Weinberge, mit Traktor - MGV - Balligand Construction","og_description":"Interceps-M\u00e4her (M\u00e4hen zwischen F\u00fc\u00dfen und Pf\u00e4hlen), erm\u00f6glicht die Kontrolle der Verunkrautung und damit die Kontrolle der Erosion","og_url":"https:\/\/www.balligand-constructions.com\/de\/kleegrasmaeher-fuer-weinberge-mit-traktor\/","og_site_name":"MGV - Balligand - Constructions M\u00e9caniques","article_modified_time":"2026-02-11T11:21:41+00:00","og_image":[{"width":1133,"height":1042,"url":"https:\/\/www.balligand-constructions.com\/wp-content\/uploads\/2023\/01\/IMG_20221111_152428-e1674570865450.jpg","type":"image\/jpeg"}],"twitter_card":"summary_large_image","twitter_misc":{"Gesch\u00e4tzte Lesezeit":"4\u00a0Minuten"},"schema":{"@context":"https:\/\/schema.org","@graph":[{"@type":"WebPage","@id":"https:\/\/www.balligand-constructions.com\/de\/kleegrasmaeher-fuer-weinberge-mit-traktor\/","url":"https:\/\/www.balligand-constructions.com\/de\/kleegrasmaeher-fuer-weinberge-mit-traktor\/","name":"Kleegrasm\u00e4her f\u00fcr Weinberge, mit Traktor - MGV - Balligand Construction","isPartOf":{"@id":"https:\/\/www.balligand-constructions.com\/de\/#website"},"primaryImageOfPage":{"@id":"https:\/\/www.balligand-constructions.com\/de\/kleegrasmaeher-fuer-weinberge-mit-traktor\/#primaryimage"},"image":{"@id":"https:\/\/www.balligand-constructions.com\/de\/kleegrasmaeher-fuer-weinberge-mit-traktor\/#primaryimage"},"thumbnailUrl":"https:\/\/www.balligand-constructions.com\/wp-content\/uploads\/2023\/01\/IMG_20221111_152428-e1674570865450.jpg","datePublished":"2021-01-13T14:15:31+00:00","dateModified":"2026-02-11T11:21:41+00:00","description":"Interceps-M\u00e4her (M\u00e4hen zwischen F\u00fc\u00dfen und Pf\u00e4hlen), erm\u00f6glicht die Kontrolle der Verunkrautung und damit die Kontrolle der Erosion","breadcrumb":{"@id":"https:\/\/www.balligand-constructions.com\/de\/kleegrasmaeher-fuer-weinberge-mit-traktor\/#breadcrumb"},"inLanguage":"de","potentialAction":[{"@type":"ReadAction","target":["https:\/\/www.balligand-constructions.com\/de\/kleegrasmaeher-fuer-weinberge-mit-traktor\/"]}]},{"@type":"ImageObject","inLanguage":"de","@id":"https:\/\/www.balligand-constructions.com\/de\/kleegrasmaeher-fuer-weinberge-mit-traktor\/#primaryimage","url":"https:\/\/www.balligand-constructions.com\/wp-content\/uploads\/2023\/01\/IMG_20221111_152428-e1674570865450.jpg","contentUrl":"https:\/\/www.balligand-constructions.com\/wp-content\/uploads\/2023\/01\/IMG_20221111_152428-e1674570865450.jpg","width":1133,"height":1042,"caption":"Rahmen f\u00fcr Interceps-M\u00e4her 3-Punkt f\u00fcr Heckhubwerk"},{"@type":"BreadcrumbList","@id":"https:\/\/www.balligand-constructions.com\/de\/kleegrasmaeher-fuer-weinberge-mit-traktor\/#breadcrumb","itemListElement":[{"@type":"ListItem","position":1,"name":"Accueil","item":"https:\/\/www.balligand-constructions.com\/de\/accueil\/"},{"@type":"ListItem","position":2,"name":"Kleegrasm\u00e4her f\u00fcr Weinberge, mit Traktor"}]},{"@type":"WebSite","@id":"https:\/\/www.balligand-constructions.com\/de\/#website","url":"https:\/\/www.balligand-constructions.com\/de\/","name":"MGV - Balligand - Constructions M\u00e9caniques","description":"Constructeur de mat\u00e9riel pour la viticulture depuis plus de 40 ans","potentialAction":[{"@type":"SearchAction","target":{"@type":"EntryPoint","urlTemplate":"https:\/\/www.balligand-constructions.com\/de\/?s={search_term_string}"},"query-input":{"@type":"PropertyValueSpecification","valueRequired":true,"valueName":"search_term_string"}}],"inLanguage":"de"}]}},"_links":{"self":[{"href":"https:\/\/www.balligand-constructions.com\/de\/wp-json\/wp\/v2\/pages\/8212","targetHints":{"allow":["GET"]}}],"collection":[{"href":"https:\/\/www.balligand-constructions.com\/de\/wp-json\/wp\/v2\/pages"}],"about":[{"href":"https:\/\/www.balligand-constructions.com\/de\/wp-json\/wp\/v2\/types\/page"}],"author":[{"embeddable":true,"href":"https:\/\/www.balligand-constructions.com\/de\/wp-json\/wp\/v2\/users\/5"}],"replies":[{"embeddable":true,"href":"https:\/\/www.balligand-constructions.com\/de\/wp-json\/wp\/v2\/comments?post=8212"}],"version-history":[{"count":13,"href":"https:\/\/www.balligand-constructions.com\/de\/wp-json\/wp\/v2\/pages\/8212\/revisions"}],"predecessor-version":[{"id":9000,"href":"https:\/\/www.balligand-constructions.com\/de\/wp-json\/wp\/v2\/pages\/8212\/revisions\/9000"}],"wp:featuredmedia":[{"embeddable":true,"href":"https:\/\/www.balligand-constructions.com\/de\/wp-json\/wp\/v2\/media\/8168"}],"wp:attachment":[{"href":"https:\/\/www.balligand-constructions.com\/de\/wp-json\/wp\/v2\/media?parent=8212"}],"curies":[{"name":"wp","href":"https:\/\/api.w.org\/{rel}","templated":true}]}}