{"id":8218,"date":"2015-09-08T16:45:07","date_gmt":"2015-09-08T14:45:07","guid":{"rendered":"https:\/\/www.balligand-constructions.com\/startseite\/"},"modified":"2026-02-11T12:34:58","modified_gmt":"2026-02-11T11:34:58","slug":"accueil","status":"publish","type":"page","link":"https:\/\/www.balligand-constructions.com\/de\/","title":{"rendered":"Startseite"},"content":{"rendered":"<p>[et_pb_section fb_built=&#8220;1&#8243; _builder_version=&#8220;4.20.2&#8243; _module_preset=&#8220;default&#8220; global_colors_info=&#8220;{}&#8220;][et_pb_row column_structure=&#8220;1_3,2_3&#8243; use_custom_gutter=&#8220;on&#8220; gutter_width=&#8220;2&#8243; _builder_version=&#8220;4.20.2&#8243; _module_preset=&#8220;default&#8220; global_colors_info=&#8220;{}&#8220;][et_pb_column type=&#8220;1_3&#8243; _builder_version=&#8220;4.20.2&#8243; _module_preset=&#8220;default&#8220; custom_padding=&#8220;26px|26px|26px|26px|true|true&#8220; border_width_all=&#8220;7px&#8220; border_color_all=&#8220;#f2f2f2&#8243; global_colors_info=&#8220;{}&#8220;][et_pb_text admin_label=&#8220;SARL MGV&#8220; _builder_version=&#8220;4.27.4&#8243; _module_preset=&#8220;default&#8220; header_2_font=&#8220;||||||||&#8220; header_2_font_size=&#8220;32px&#8220; header_2_line_height=&#8220;0.3em&#8220; custom_margin=&#8220;||-16px|||&#8220; custom_padding=&#8220;0px||0px||true|true&#8220; border_color_all=&#8220;#f2f2f2&#8243; border_width_bottom=&#8220;1px&#8220; border_color_bottom=&#8220;#dcdcdc&#8220; global_colors_info=&#8220;{}&#8220;]<\/p>\n<h2 class=\"widget-title\"><span class=\"light\">GMBH<\/span> <span style=\"color: #9fc612;\">MGV<\/span><\/h2>\n<div class=\"textwidget\"> <\/div>\n<p>[\/et_pb_text][et_pb_text admin_label=&#8220;Constructeur de mat\u00e9riel&#8220; _builder_version=&#8220;4.27.4&#8243; _module_preset=&#8220;default&#8220; header_2_font=&#8220;||||||||&#8220; header_2_font_size=&#8220;32px&#8220; custom_padding=&#8220;42px||42px||true|true&#8220; border_color_all=&#8220;#f2f2f2&#8243; global_colors_info=&#8220;{}&#8220;]<\/p>\n<div class=\"textwidget\">Die Firma BALLIGAND, die seit \u00fcber 40 Jahren Ger\u00e4te f\u00fcr den Weinbau herstellt, ist seit 2007 eine Abteilung der Firma M.G.V, einem Unternehmen f\u00fcr allgemeine Mechanik, das n\u00f6rdlich von Lyon im Herzen des Weinbaugebiets Beaujolais angesiedelt ist.<br \/>Urspr\u00fcnglich auf die Herstellung von Ger\u00e4ten f\u00fcr den Weinbau spezialisiert, hat die Abteilung Balligand die Herstellung der Produkte, die ihren Ruf begr\u00fcndet haben, beibehalten, sich aber auch auf die innovative Herstellung von Ger\u00e4ten f\u00fcr das M\u00e4hen unter der Reihe spezialisiert, mit ihren Intercep-M\u00e4hern, die auch f\u00fcr den Obstbau geeignet sind.<br \/>Unsere Produkte werden st\u00e4ndig weiterentwickelt und ihre Qualit\u00e4t ist \u00fcber unsere Grenzen hinaus anerkannt, da sie nach Europa und Nordamerika exportiert werden &#8230;<\/div>\n<p>[\/et_pb_text][et_pb_text disabled_on=&#8220;on|on|off&#8220; _builder_version=&#8220;4.20.2&#8243; _module_preset=&#8220;default&#8220; custom_padding=&#8220;40px||||false|false&#8220; border_width_bottom=&#8220;1px&#8220; border_color_bottom=&#8220;#dcdcdc&#8220; global_colors_info=&#8220;{}&#8220;]<\/p>\n<h3 class=\"widget-title\"><span class=\"light\">Andere<\/span> <span style=\"color: #9fc612;\">Ausr\u00fcstung<\/span><\/h3>\n<p>[\/et_pb_text][et_pb_blog_extras include_categories=&#8220;81&#8243; blog_layout=&#8220;masonry&#8220; masonry_columns=&#8220;1&#8243; excerpt_length=&#8220;250&#8243; read_more_text=&#8220;En savoir +&#8220; show_author=&#8220;off&#8220; show_date=&#8220;off&#8220; show_categories=&#8220;off&#8220; show_comments=&#8220;off&#8220; disabled_on=&#8220;on|on|off&#8220; _builder_version=&#8220;4.27.4&#8243; _module_preset=&#8220;default&#8220; custom_margin=&#8220;||||false|false&#8220; global_colors_info=&#8220;{}&#8220;][\/et_pb_blog_extras][\/et_pb_column][et_pb_column type=&#8220;2_3&#8243; _builder_version=&#8220;4.20.2&#8243; _module_preset=&#8220;default&#8220; global_colors_info=&#8220;{}&#8220;][et_pb_blog_extras include_categories=&#8220;40&#8243; excerpt_length=&#8220;250&#8243; use_read_more_button=&#8220;on&#8220; read_more_text=&#8220;En savoir +&#8220; show_author=&#8220;off&#8220; show_date=&#8220;off&#8220; show_categories=&#8220;off&#8220; show_comments=&#8220;off&#8220; _builder_version=&#8220;4.20.2&#8243; _module_preset=&#8220;default&#8220; global_colors_info=&#8220;{}&#8220;][\/et_pb_blog_extras][et_pb_text _builder_version=&#8220;4.27.4&#8243; _module_preset=&#8220;default&#8220; custom_padding=&#8220;40px||||false|false&#8220; border_width_bottom=&#8220;1px&#8220; border_color_bottom=&#8220;#dcdcdc&#8220; global_colors_info=&#8220;{}&#8220;]<\/p>\n<h3 class=\"widget-title\"><span class=\"light\">Neuheiten<\/span> <span style=\"color: #9fc612;\">2026<\/span><\/h3>\n<p>[\/et_pb_text][et_pb_blog_extras posts_number=&#8220;5&#8243; include_categories=&#8220;41&#8243; blog_layout=&#8220;masonry&#8220; masonry_columns=&#8220;2&#8243; excerpt_length=&#8220;250&#8243; read_more_text=&#8220;En savoir +&#8220; show_author=&#8220;off&#8220; show_date=&#8220;off&#8220; show_categories=&#8220;off&#8220; show_comments=&#8220;off&#8220; _builder_version=&#8220;4.27.4&#8243; _module_preset=&#8220;default&#8220; custom_margin=&#8220;||19px||false|false&#8220; hover_enabled=&#8220;0&#8243; global_colors_info=&#8220;{}&#8220; sticky_enabled=&#8220;0&#8243;][\/et_pb_blog_extras][et_pb_text disabled_on=&#8220;off|off|on&#8220; _builder_version=&#8220;4.27.4&#8243; _module_preset=&#8220;default&#8220; custom_padding=&#8220;40px||||false|false&#8220; border_width_bottom=&#8220;1px&#8220; border_color_bottom=&#8220;#dcdcdc&#8220; global_colors_info=&#8220;{}&#8220;]<\/p>\n<h3 class=\"widget-title\"><span class=\"light\">Andere<\/span> <span style=\"color: #9fc612;\">Ausr\u00fcstung<\/span><\/h3>\n<p>[\/et_pb_text][et_pb_blog_extras include_categories=&#8220;81&#8243; blog_layout=&#8220;masonry&#8220; masonry_columns=&#8220;1&#8243; excerpt_length=&#8220;250&#8243; read_more_text=&#8220;En savoir +&#8220; show_author=&#8220;off&#8220; show_date=&#8220;off&#8220; show_categories=&#8220;off&#8220; show_comments=&#8220;off&#8220; disabled_on=&#8220;off|off|on&#8220; _builder_version=&#8220;4.27.4&#8243; _module_preset=&#8220;default&#8220; custom_margin=&#8220;||||false|false&#8220; global_colors_info=&#8220;{}&#8220;][\/et_pb_blog_extras][et_pb_code _builder_version=&#8220;4.22.2&#8243; _module_preset=&#8220;default&#8220; global_colors_info=&#8220;{}&#8220;][\/et_pb_code][\/et_pb_column][\/et_pb_row][\/et_pb_section][et_pb_section fb_built=&#8220;1&#8243; _builder_version=&#8220;4.22.2&#8243; _module_preset=&#8220;default&#8220; global_colors_info=&#8220;{}&#8220;][et_pb_row _builder_version=&#8220;4.22.2&#8243; _module_preset=&#8220;default&#8220; global_colors_info=&#8220;{}&#8220;][et_pb_column type=&#8220;4_4&#8243; _builder_version=&#8220;4.22.2&#8243; _module_preset=&#8220;default&#8220; global_colors_info=&#8220;{}&#8220;][et_pb_text _builder_version=&#8220;4.27.4&#8243; _module_preset=&#8220;default&#8220; custom_padding=&#8220;40px||||false|false&#8220; border_width_bottom=&#8220;1px&#8220; border_color_bottom=&#8220;#dcdcdc&#8220; global_colors_info=&#8220;{}&#8220;]<\/p>\n<h3 class=\"widget-title\"><span class=\"light\">Erfahrungsberichte<\/span> <span style=\"color: #9fc612;\">Kunden<\/span><\/h3>\n<p>[\/et_pb_text][et_pb_blog_extras include_categories=&#8220;79&#8243; blog_layout=&#8220;block_extended&#8220; read_more_text=&#8220;Voir le t\u00e9moignage complet&#8220; show_author=&#8220;off&#8220; show_date=&#8220;off&#8220; show_comments=&#8220;off&#8220; _builder_version=&#8220;4.22.2&#8243; _module_preset=&#8220;default&#8220; global_colors_info=&#8220;{}&#8220;][\/et_pb_blog_extras][\/et_pb_column][\/et_pb_row][\/et_pb_section]<\/p>\n","protected":false},"excerpt":{"rendered":"<p>GMBH MGV Die Firma BALLIGAND, die seit \u00fcber 40 Jahren Ger\u00e4te f\u00fcr den Weinbau herstellt, ist seit 2007 eine Abteilung der Firma M.G.V, einem Unternehmen f\u00fcr allgemeine Mechanik, das n\u00f6rdlich von Lyon im Herzen des Weinbaugebiets Beaujolais angesiedelt ist.Urspr\u00fcnglich auf die Herstellung von Ger\u00e4ten f\u00fcr den Weinbau spezialisiert, hat die Abteilung Balligand die Herstellung der [&hellip;]<\/p>\n","protected":false},"author":5,"featured_media":0,"parent":0,"menu_order":0,"comment_status":"closed","ping_status":"closed","template":"","meta":{"_et_pb_use_builder":"on","_et_pb_old_content":"","_et_gb_content_width":"","footnotes":""},"class_list":["post-8218","page","type-page","status-publish","hentry"],"yoast_head":"<!-- This site is optimized with the Yoast SEO plugin v27.3 - https:\/\/yoast.com\/product\/yoast-seo-wordpress\/ -->\n<title>MGV Balligand \u2013 Landmaschinen f\u00fcr Traktoren und Sattelzugmaschinen<\/title>\n<meta name=\"description\" content=\"Hersteller von Ger\u00e4ten f\u00fcr den Weinbau seit \u00fcber 40 Jahren, Interceps-M\u00e4her und Applikatoren f\u00fcr biologische Behandlungen\" \/>\n<meta name=\"robots\" content=\"index, follow, max-snippet:-1, max-image-preview:large, max-video-preview:-1\" \/>\n<link rel=\"canonical\" href=\"https:\/\/www.balligand-constructions.com\/de\/\" \/>\n<meta property=\"og:locale\" content=\"de_DE\" \/>\n<meta property=\"og:type\" content=\"article\" \/>\n<meta property=\"og:title\" content=\"MGV Balligand \u2013 Landmaschinen f\u00fcr Traktoren und Sattelzugmaschinen\" \/>\n<meta property=\"og:description\" content=\"Hersteller von Ger\u00e4ten f\u00fcr den Weinbau seit \u00fcber 40 Jahren, Interceps-M\u00e4her und Applikatoren f\u00fcr biologische Behandlungen\" \/>\n<meta property=\"og:url\" content=\"https:\/\/www.balligand-constructions.com\/de\/\" \/>\n<meta property=\"og:site_name\" content=\"MGV - Balligand - Constructions M\u00e9caniques\" \/>\n<meta property=\"article:modified_time\" content=\"2026-02-11T11:34:58+00:00\" \/>\n<meta name=\"twitter:card\" content=\"summary_large_image\" \/>\n<meta name=\"twitter:label1\" content=\"Gesch\u00e4tzte Lesezeit\" \/>\n\t<meta name=\"twitter:data1\" content=\"4\u00a0Minuten\" \/>\n<script type=\"application\/ld+json\" class=\"yoast-schema-graph\">{\"@context\":\"https:\\\/\\\/schema.org\",\"@graph\":[{\"@type\":\"WebPage\",\"@id\":\"https:\\\/\\\/www.balligand-constructions.com\\\/de\\\/\",\"url\":\"https:\\\/\\\/www.balligand-constructions.com\\\/de\\\/\",\"name\":\"MGV Balligand \u2013 Landmaschinen f\u00fcr Traktoren und Sattelzugmaschinen\",\"isPartOf\":{\"@id\":\"https:\\\/\\\/www.balligand-constructions.com\\\/de\\\/#website\"},\"datePublished\":\"2015-09-08T14:45:07+00:00\",\"dateModified\":\"2026-02-11T11:34:58+00:00\",\"description\":\"Hersteller von Ger\u00e4ten f\u00fcr den Weinbau seit \u00fcber 40 Jahren, Interceps-M\u00e4her und Applikatoren f\u00fcr biologische Behandlungen\",\"breadcrumb\":{\"@id\":\"https:\\\/\\\/www.balligand-constructions.com\\\/de\\\/#breadcrumb\"},\"inLanguage\":\"de\",\"potentialAction\":[{\"@type\":\"ReadAction\",\"target\":[\"https:\\\/\\\/www.balligand-constructions.com\\\/de\\\/\"]}]},{\"@type\":\"BreadcrumbList\",\"@id\":\"https:\\\/\\\/www.balligand-constructions.com\\\/de\\\/#breadcrumb\",\"itemListElement\":[{\"@type\":\"ListItem\",\"position\":1,\"name\":\"Accueil\",\"item\":\"https:\\\/\\\/www.balligand-constructions.com\\\/de\\\/accueil\\\/\"},{\"@type\":\"ListItem\",\"position\":2,\"name\":\"Startseite\"}]},{\"@type\":\"WebSite\",\"@id\":\"https:\\\/\\\/www.balligand-constructions.com\\\/de\\\/#website\",\"url\":\"https:\\\/\\\/www.balligand-constructions.com\\\/de\\\/\",\"name\":\"MGV - Balligand - Constructions M\u00e9caniques\",\"description\":\"Constructeur de mat\u00e9riel pour la viticulture depuis plus de 40 ans\",\"potentialAction\":[{\"@type\":\"SearchAction\",\"target\":{\"@type\":\"EntryPoint\",\"urlTemplate\":\"https:\\\/\\\/www.balligand-constructions.com\\\/de\\\/?s={search_term_string}\"},\"query-input\":{\"@type\":\"PropertyValueSpecification\",\"valueRequired\":true,\"valueName\":\"search_term_string\"}}],\"inLanguage\":\"de\"}]}<\/script>\n<!-- \/ Yoast SEO plugin. -->","yoast_head_json":{"title":"MGV Balligand \u2013 Landmaschinen f\u00fcr Traktoren und Sattelzugmaschinen","description":"Hersteller von Ger\u00e4ten f\u00fcr den Weinbau seit \u00fcber 40 Jahren, Interceps-M\u00e4her und Applikatoren f\u00fcr biologische Behandlungen","robots":{"index":"index","follow":"follow","max-snippet":"max-snippet:-1","max-image-preview":"max-image-preview:large","max-video-preview":"max-video-preview:-1"},"canonical":"https:\/\/www.balligand-constructions.com\/de\/","og_locale":"de_DE","og_type":"article","og_title":"MGV Balligand \u2013 Landmaschinen f\u00fcr Traktoren und Sattelzugmaschinen","og_description":"Hersteller von Ger\u00e4ten f\u00fcr den Weinbau seit \u00fcber 40 Jahren, Interceps-M\u00e4her und Applikatoren f\u00fcr biologische Behandlungen","og_url":"https:\/\/www.balligand-constructions.com\/de\/","og_site_name":"MGV - Balligand - Constructions M\u00e9caniques","article_modified_time":"2026-02-11T11:34:58+00:00","twitter_card":"summary_large_image","twitter_misc":{"Gesch\u00e4tzte Lesezeit":"4\u00a0Minuten"},"schema":{"@context":"https:\/\/schema.org","@graph":[{"@type":"WebPage","@id":"https:\/\/www.balligand-constructions.com\/de\/","url":"https:\/\/www.balligand-constructions.com\/de\/","name":"MGV Balligand \u2013 Landmaschinen f\u00fcr Traktoren und Sattelzugmaschinen","isPartOf":{"@id":"https:\/\/www.balligand-constructions.com\/de\/#website"},"datePublished":"2015-09-08T14:45:07+00:00","dateModified":"2026-02-11T11:34:58+00:00","description":"Hersteller von Ger\u00e4ten f\u00fcr den Weinbau seit \u00fcber 40 Jahren, Interceps-M\u00e4her und Applikatoren f\u00fcr biologische Behandlungen","breadcrumb":{"@id":"https:\/\/www.balligand-constructions.com\/de\/#breadcrumb"},"inLanguage":"de","potentialAction":[{"@type":"ReadAction","target":["https:\/\/www.balligand-constructions.com\/de\/"]}]},{"@type":"BreadcrumbList","@id":"https:\/\/www.balligand-constructions.com\/de\/#breadcrumb","itemListElement":[{"@type":"ListItem","position":1,"name":"Accueil","item":"https:\/\/www.balligand-constructions.com\/de\/accueil\/"},{"@type":"ListItem","position":2,"name":"Startseite"}]},{"@type":"WebSite","@id":"https:\/\/www.balligand-constructions.com\/de\/#website","url":"https:\/\/www.balligand-constructions.com\/de\/","name":"MGV - Balligand - Constructions M\u00e9caniques","description":"Constructeur de mat\u00e9riel pour la viticulture depuis plus de 40 ans","potentialAction":[{"@type":"SearchAction","target":{"@type":"EntryPoint","urlTemplate":"https:\/\/www.balligand-constructions.com\/de\/?s={search_term_string}"},"query-input":{"@type":"PropertyValueSpecification","valueRequired":true,"valueName":"search_term_string"}}],"inLanguage":"de"}]}},"_links":{"self":[{"href":"https:\/\/www.balligand-constructions.com\/de\/wp-json\/wp\/v2\/pages\/8218","targetHints":{"allow":["GET"]}}],"collection":[{"href":"https:\/\/www.balligand-constructions.com\/de\/wp-json\/wp\/v2\/pages"}],"about":[{"href":"https:\/\/www.balligand-constructions.com\/de\/wp-json\/wp\/v2\/types\/page"}],"author":[{"embeddable":true,"href":"https:\/\/www.balligand-constructions.com\/de\/wp-json\/wp\/v2\/users\/5"}],"replies":[{"embeddable":true,"href":"https:\/\/www.balligand-constructions.com\/de\/wp-json\/wp\/v2\/comments?post=8218"}],"version-history":[{"count":31,"href":"https:\/\/www.balligand-constructions.com\/de\/wp-json\/wp\/v2\/pages\/8218\/revisions"}],"predecessor-version":[{"id":9075,"href":"https:\/\/www.balligand-constructions.com\/de\/wp-json\/wp\/v2\/pages\/8218\/revisions\/9075"}],"wp:attachment":[{"href":"https:\/\/www.balligand-constructions.com\/de\/wp-json\/wp\/v2\/media?parent=8218"}],"curies":[{"name":"wp","href":"https:\/\/api.w.org\/{rel}","templated":true}]}}