{"id":8240,"date":"2020-12-08T15:22:16","date_gmt":"2020-12-08T14:22:16","guid":{"rendered":"https:\/\/www.balligand-constructions.com\/rampen\/"},"modified":"2023-03-24T11:41:44","modified_gmt":"2023-03-24T10:41:44","slug":"rampen","status":"publish","type":"page","link":"https:\/\/www.balligand-constructions.com\/de\/rampen\/","title":{"rendered":"Rampen"},"content":{"rendered":"\n<div class=\"wp-block-siteorigin-panels-layout-block\"><div id=\"pl-7249\" class=\"panel-layout\"><div id=\"pg-7249-0\" class=\"panel-grid panel-no-style\"><div id=\"pgc-7249-0-0\" class=\"panel-grid-cell\"><div id=\"panel-7249-0-0-0\" class=\"so-panel widget widget_black-studio-tinymce widget_black_studio_tinymce panel-first-child panel-last-child\" data-index=\"0\"><div class=\"textwidget\"><p><a href=\"http:\/\/export-xml.qreativethemes.com\/thelandscaper\/wp-content\/uploads\/sites\/2\/2015\/01\/placeholder_850x450.png\"><img loading=\"lazy\" decoding=\"async\" class=\"alignnone size-full wp-image-6235\" src=\"http:\/\/export-xml.qreativethemes.com\/thelandscaper\/wp-content\/uploads\/sites\/2\/2015\/01\/placeholder_850x450.png\" alt=\"\" width=\"850\" height=\"450\"><\/a><\/p><p><a href=\"http:\/\/export-xml.qreativethemes.com\/thelandscaper\/wp-content\/uploads\/sites\/2\/2015\/01\/placeholder_850x450.png\"><img loading=\"lazy\" decoding=\"async\" class=\"alignnone size-full wp-image-6235\" src=\"http:\/\/export-xml.qreativethemes.com\/thelandscaper\/wp-content\/uploads\/sites\/2\/2015\/01\/placeholder_850x450.png\" alt=\"\" width=\"850\" height=\"450\"><\/a><\/p><\/div><\/div><\/div><div id=\"pgc-7249-0-1\" class=\"panel-grid-cell\"><div id=\"panel-7249-0-1-0\" class=\"so-panel widget widget_black-studio-tinymce widget_black_studio_tinymce panel-first-child panel-last-child\" data-index=\"1\"><div class=\"textwidget\">Mit \u00fcber 40 Jahren Erfahrung in der Herstellung von Herbizidrampen vermarkten wir noch immer diese Produkte, die den Anforderungen entsprechen, die sich aus den Beschr\u00e4nkungen der Dosis\/ Hektar in den neuen Normen ergeben.\n\nUnsere Gest\u00e4nge erm\u00f6glichen ein begrenztes Spr\u00fchen und eine Anpassung der bearbeiteten Breite. Sowohl f\u00fcr Herbizide als auch f\u00fcr Fl\u00fcssigd\u00fcnger oder Bio-Unkrautvernichter.\n\nDie D\u00fcsen sind in H\u00f6he, Neigung und Ausrichtung verstellbar.\n\nSie sind mit einem weichen Latz ausgestattet, der sich beim Zusammentreffen mit dem Rebstock oder Pfahl verformt und so die Kulturen schont.\n\nUnsere Gest\u00e4nge erm\u00f6glichen eine starke Reduzierung der Abdrift des Produkts sowie eine Verringerung der eingesetzten Menge. Manipulatoren sind besser gesch\u00fctzt.\n\nSie sind skalierbar und k\u00f6nnen an Ihre spezifische Bepflanzung angepasst werden.\n\nZ\u00f6gern Sie nicht, uns f\u00fcr eine Studie Ihrer Bed\u00fcrfnisse zu konsultieren.<\/div><\/div><\/div><\/div><div id=\"pg-7249-1\" class=\"panel-grid panel-no-style\"><div id=\"pgc-7249-1-0\" class=\"panel-grid-cell\"><div id=\"panel-7249-1-0-0\" class=\"so-panel widget widget_black-studio-tinymce widget_black_studio_tinymce panel-first-child panel-last-child\" data-index=\"2\"><div class=\"textwidget\"><p><img loading=\"lazy\" decoding=\"async\" class=\"size-full wp-image-6403 aligncenter\" src=\"http:\/\/export-xml.qreativethemes.com\/thelandscaper\/wp-content\/uploads\/sites\/2\/2015\/07\/img_divider.png\" alt=\"img_divider\" width=\"1128\" height=\"14\"><\/p><\/div><\/div><\/div><\/div><div id=\"pg-7249-2\" class=\"panel-grid panel-no-style\"><div id=\"pgc-7249-2-0\" class=\"panel-grid-cell\"><div id=\"panel-7249-2-0-0\" class=\"so-panel widget widget_qt_icon_box widget-icon-box panel-first-child\" data-index=\"3\">\t\t\t\t<a class=\"icon-box icon-big\" href=\"#\">\n\t\t\t\t\t\t\t\t\t\t\t\t<i class=\"fa fa-phone\"><\/i>\n\t\t\t\t\t\t\t\t\t\t\t\t\t<h6 class=\"title\">Request a Call Back<\/h6>\n\t\t\t\t\t\t\t\t\t\t\t\t\t<span class=\"subtitle\">F\u00fcllen Sie das Antragsformular aus und wir werden Sie in K\u00fcrze telefonisch kontaktieren.<\/span>\n\t\t\t\t\t\t\t<\/a>\n\n\t\t\t<\/div><div id=\"panel-7249-2-0-1\" class=\"so-panel widget widget_qt_icon_box widget-icon-box panel-last-child\" data-index=\"4\">\t\t\t\t<a class=\"icon-box icon-big\" href=\"#\">\n\t\t\t\t\t\t\t\t\t\t\t\t<i class=\"fa fa-calendar-o\"><\/i>\n\t\t\t\t\t\t\t\t\t\t\t\t\t<h6 class=\"title\">Make An Appointment<\/h6>\n\t\t\t\t\t\t\t\t\t\t\t\t\t<span class=\"subtitle\">To schedule an appointment and discuss your project with us<\/span>\n\t\t\t\t\t\t\t<\/a>\n\n\t\t\t<\/div><\/div><div id=\"pgc-7249-2-1\" class=\"panel-grid-cell\"><div id=\"panel-7249-2-1-0\" class=\"so-panel widget widget_black-studio-tinymce widget_black_studio_tinymce panel-first-child panel-last-child\" data-index=\"5\"><div class=\"textwidget\"><h3>Key Benefits of the Service<\/h3><p>Die Bew\u00e4sserung Ihres Rasens und ist der Schl\u00fcssel zur Erhaltung seines Glanzes und seiner Sch\u00f6nheit. Die Experten entwerfen Ihre Sprinkleranlage sorgf\u00e4ltig, um eine maximale Abdeckung Ihrer Rasenfl\u00e4che zu gew\u00e4hrleisten. Ob Sie nach einem brandneuen Bew\u00e4sserungssystem suchen, um Ihren Rasen zu pflegen.<\/p><p><span style=\"color: #a2c046; font-size: 18px;\"><span class=\"icon-wrap\"><i class=\"fa-check-circle-o\"><\/i><\/span><\/span>  Erweitern Sie Ihr Haus mit einem sch\u00f6nen Garten<br><span style=\"color: #a2c046; font-size: 18px;\"><span class=\"icon-wrap\"><i class=\"fa-check-circle-o\"><\/i><\/span><\/span>  Your property value increases many times initial value<br><span style=\"color: #a2c046; font-size: 18px;\"><span class=\"icon-wrap\"><i class=\"fa-check-circle-o\"><\/i><\/span><\/span>  \u00c4sthetische Gartensch\u00f6nheit, die sich mit zunehmendem Alter verbessert<br><span style=\"color: #a2c046; font-size: 18px;\"><span class=\"icon-wrap\"><i class=\"fa-check-circle-o\"><\/i><\/span><\/span>  Zertifizierte und versicherte Allround-Landschaftsg\u00e4rtner<br><span style=\"color: #a2c046; font-size: 18px;\"><span class=\"icon-wrap\"><i class=\"fa-check-circle-o\"><\/i><\/span><\/span>  Our Landscapers erwarten j\u00e4hrliche Trainingsseminare<\/p><\/div><\/div><\/div><\/div><\/div><\/div>\n","protected":false},"excerpt":{"rendered":"","protected":false},"author":5,"featured_media":8094,"parent":0,"menu_order":0,"comment_status":"closed","ping_status":"closed","template":"","meta":{"_et_pb_use_builder":"","_et_pb_old_content":"","_et_gb_content_width":"","footnotes":""},"class_list":["post-8240","page","type-page","status-publish","has-post-thumbnail","hentry"],"yoast_head":"<!-- This site is optimized with the Yoast SEO plugin v27.3 - https:\/\/yoast.com\/product\/yoast-seo-wordpress\/ -->\n<title>Rampen - MGV - Balligand - Constructions M\u00e9caniques<\/title>\n<meta name=\"robots\" content=\"index, follow, max-snippet:-1, max-image-preview:large, max-video-preview:-1\" \/>\n<link rel=\"canonical\" href=\"https:\/\/www.balligand-constructions.com\/de\/rampen\/\" \/>\n<meta property=\"og:locale\" content=\"de_DE\" \/>\n<meta property=\"og:type\" content=\"article\" \/>\n<meta property=\"og:title\" content=\"Rampen - MGV - Balligand - Constructions M\u00e9caniques\" \/>\n<meta property=\"og:url\" content=\"https:\/\/www.balligand-constructions.com\/de\/rampen\/\" \/>\n<meta property=\"og:site_name\" content=\"MGV - Balligand - Constructions M\u00e9caniques\" \/>\n<meta property=\"article:modified_time\" content=\"2023-03-24T10:41:44+00:00\" \/>\n<meta property=\"og:image\" content=\"https:\/\/www.balligand-constructions.com\/wp-content\/uploads\/2020\/12\/trefle01.jpg\" \/>\n\t<meta property=\"og:image:width\" content=\"850\" \/>\n\t<meta property=\"og:image:height\" content=\"567\" \/>\n\t<meta property=\"og:image:type\" content=\"image\/jpeg\" \/>\n<meta name=\"twitter:card\" content=\"summary_large_image\" \/>\n<meta name=\"twitter:label1\" content=\"Gesch\u00e4tzte Lesezeit\" \/>\n\t<meta name=\"twitter:data1\" content=\"1\u00a0Minute\" \/>\n<script type=\"application\/ld+json\" class=\"yoast-schema-graph\">{\"@context\":\"https:\\\/\\\/schema.org\",\"@graph\":[{\"@type\":\"WebPage\",\"@id\":\"https:\\\/\\\/www.balligand-constructions.com\\\/de\\\/rampen\\\/\",\"url\":\"https:\\\/\\\/www.balligand-constructions.com\\\/de\\\/rampen\\\/\",\"name\":\"Rampen - MGV - Balligand - Constructions M\u00e9caniques\",\"isPartOf\":{\"@id\":\"https:\\\/\\\/www.balligand-constructions.com\\\/de\\\/#website\"},\"primaryImageOfPage\":{\"@id\":\"https:\\\/\\\/www.balligand-constructions.com\\\/de\\\/rampen\\\/#primaryimage\"},\"image\":{\"@id\":\"https:\\\/\\\/www.balligand-constructions.com\\\/de\\\/rampen\\\/#primaryimage\"},\"thumbnailUrl\":\"https:\\\/\\\/www.balligand-constructions.com\\\/wp-content\\\/uploads\\\/2020\\\/12\\\/trefle01.jpg\",\"datePublished\":\"2020-12-08T14:22:16+00:00\",\"dateModified\":\"2023-03-24T10:41:44+00:00\",\"breadcrumb\":{\"@id\":\"https:\\\/\\\/www.balligand-constructions.com\\\/de\\\/rampen\\\/#breadcrumb\"},\"inLanguage\":\"de\",\"potentialAction\":[{\"@type\":\"ReadAction\",\"target\":[\"https:\\\/\\\/www.balligand-constructions.com\\\/de\\\/rampen\\\/\"]}]},{\"@type\":\"ImageObject\",\"inLanguage\":\"de\",\"@id\":\"https:\\\/\\\/www.balligand-constructions.com\\\/de\\\/rampen\\\/#primaryimage\",\"url\":\"https:\\\/\\\/www.balligand-constructions.com\\\/wp-content\\\/uploads\\\/2020\\\/12\\\/trefle01.jpg\",\"contentUrl\":\"https:\\\/\\\/www.balligand-constructions.com\\\/wp-content\\\/uploads\\\/2020\\\/12\\\/trefle01.jpg\",\"width\":850,\"height\":567,\"caption\":\"Traktor mit Interceps-Kleegrasm\u00e4her f\u00fcr die Weinst\u00f6cke\"},{\"@type\":\"BreadcrumbList\",\"@id\":\"https:\\\/\\\/www.balligand-constructions.com\\\/de\\\/rampen\\\/#breadcrumb\",\"itemListElement\":[{\"@type\":\"ListItem\",\"position\":1,\"name\":\"Accueil\",\"item\":\"https:\\\/\\\/www.balligand-constructions.com\\\/de\\\/accueil\\\/\"},{\"@type\":\"ListItem\",\"position\":2,\"name\":\"Rampen\"}]},{\"@type\":\"WebSite\",\"@id\":\"https:\\\/\\\/www.balligand-constructions.com\\\/de\\\/#website\",\"url\":\"https:\\\/\\\/www.balligand-constructions.com\\\/de\\\/\",\"name\":\"MGV - Balligand - Constructions M\u00e9caniques\",\"description\":\"Constructeur de mat\u00e9riel pour la viticulture depuis plus de 40 ans\",\"potentialAction\":[{\"@type\":\"SearchAction\",\"target\":{\"@type\":\"EntryPoint\",\"urlTemplate\":\"https:\\\/\\\/www.balligand-constructions.com\\\/de\\\/?s={search_term_string}\"},\"query-input\":{\"@type\":\"PropertyValueSpecification\",\"valueRequired\":true,\"valueName\":\"search_term_string\"}}],\"inLanguage\":\"de\"}]}<\/script>\n<!-- \/ Yoast SEO plugin. -->","yoast_head_json":{"title":"Rampen - MGV - Balligand - Constructions M\u00e9caniques","robots":{"index":"index","follow":"follow","max-snippet":"max-snippet:-1","max-image-preview":"max-image-preview:large","max-video-preview":"max-video-preview:-1"},"canonical":"https:\/\/www.balligand-constructions.com\/de\/rampen\/","og_locale":"de_DE","og_type":"article","og_title":"Rampen - MGV - Balligand - Constructions M\u00e9caniques","og_url":"https:\/\/www.balligand-constructions.com\/de\/rampen\/","og_site_name":"MGV - Balligand - Constructions M\u00e9caniques","article_modified_time":"2023-03-24T10:41:44+00:00","og_image":[{"width":850,"height":567,"url":"https:\/\/www.balligand-constructions.com\/wp-content\/uploads\/2020\/12\/trefle01.jpg","type":"image\/jpeg"}],"twitter_card":"summary_large_image","twitter_misc":{"Gesch\u00e4tzte Lesezeit":"1\u00a0Minute"},"schema":{"@context":"https:\/\/schema.org","@graph":[{"@type":"WebPage","@id":"https:\/\/www.balligand-constructions.com\/de\/rampen\/","url":"https:\/\/www.balligand-constructions.com\/de\/rampen\/","name":"Rampen - MGV - Balligand - Constructions M\u00e9caniques","isPartOf":{"@id":"https:\/\/www.balligand-constructions.com\/de\/#website"},"primaryImageOfPage":{"@id":"https:\/\/www.balligand-constructions.com\/de\/rampen\/#primaryimage"},"image":{"@id":"https:\/\/www.balligand-constructions.com\/de\/rampen\/#primaryimage"},"thumbnailUrl":"https:\/\/www.balligand-constructions.com\/wp-content\/uploads\/2020\/12\/trefle01.jpg","datePublished":"2020-12-08T14:22:16+00:00","dateModified":"2023-03-24T10:41:44+00:00","breadcrumb":{"@id":"https:\/\/www.balligand-constructions.com\/de\/rampen\/#breadcrumb"},"inLanguage":"de","potentialAction":[{"@type":"ReadAction","target":["https:\/\/www.balligand-constructions.com\/de\/rampen\/"]}]},{"@type":"ImageObject","inLanguage":"de","@id":"https:\/\/www.balligand-constructions.com\/de\/rampen\/#primaryimage","url":"https:\/\/www.balligand-constructions.com\/wp-content\/uploads\/2020\/12\/trefle01.jpg","contentUrl":"https:\/\/www.balligand-constructions.com\/wp-content\/uploads\/2020\/12\/trefle01.jpg","width":850,"height":567,"caption":"Traktor mit Interceps-Kleegrasm\u00e4her f\u00fcr die Weinst\u00f6cke"},{"@type":"BreadcrumbList","@id":"https:\/\/www.balligand-constructions.com\/de\/rampen\/#breadcrumb","itemListElement":[{"@type":"ListItem","position":1,"name":"Accueil","item":"https:\/\/www.balligand-constructions.com\/de\/accueil\/"},{"@type":"ListItem","position":2,"name":"Rampen"}]},{"@type":"WebSite","@id":"https:\/\/www.balligand-constructions.com\/de\/#website","url":"https:\/\/www.balligand-constructions.com\/de\/","name":"MGV - Balligand - Constructions M\u00e9caniques","description":"Constructeur de mat\u00e9riel pour la viticulture depuis plus de 40 ans","potentialAction":[{"@type":"SearchAction","target":{"@type":"EntryPoint","urlTemplate":"https:\/\/www.balligand-constructions.com\/de\/?s={search_term_string}"},"query-input":{"@type":"PropertyValueSpecification","valueRequired":true,"valueName":"search_term_string"}}],"inLanguage":"de"}]}},"_links":{"self":[{"href":"https:\/\/www.balligand-constructions.com\/de\/wp-json\/wp\/v2\/pages\/8240","targetHints":{"allow":["GET"]}}],"collection":[{"href":"https:\/\/www.balligand-constructions.com\/de\/wp-json\/wp\/v2\/pages"}],"about":[{"href":"https:\/\/www.balligand-constructions.com\/de\/wp-json\/wp\/v2\/types\/page"}],"author":[{"embeddable":true,"href":"https:\/\/www.balligand-constructions.com\/de\/wp-json\/wp\/v2\/users\/5"}],"replies":[{"embeddable":true,"href":"https:\/\/www.balligand-constructions.com\/de\/wp-json\/wp\/v2\/comments?post=8240"}],"version-history":[{"count":3,"href":"https:\/\/www.balligand-constructions.com\/de\/wp-json\/wp\/v2\/pages\/8240\/revisions"}],"predecessor-version":[{"id":8263,"href":"https:\/\/www.balligand-constructions.com\/de\/wp-json\/wp\/v2\/pages\/8240\/revisions\/8263"}],"wp:featuredmedia":[{"embeddable":true,"href":"https:\/\/www.balligand-constructions.com\/de\/wp-json\/wp\/v2\/media\/8094"}],"wp:attachment":[{"href":"https:\/\/www.balligand-constructions.com\/de\/wp-json\/wp\/v2\/media?parent=8240"}],"curies":[{"name":"wp","href":"https:\/\/api.w.org\/{rel}","templated":true}]}}